{"id":39,"date":"2019-01-28T13:42:30","date_gmt":"2019-01-28T12:42:30","guid":{"rendered":"http:\/\/127.0.0.1:801\/projets\/WORDPRESS\/theatrerit\/?page_id=39"},"modified":"2025-11-14T10:12:10","modified_gmt":"2025-11-14T09:12:10","slug":"les-tarifs","status":"publish","type":"page","link":"http:\/\/www.letheatrerit.fr\/?page_id=39","title":{"rendered":"Les tarifs"},"content":{"rendered":"<p>PLEIN TARIF : 14\u20ac<\/p>\n<p>TARIF R\u00c9DUIT : 9\u20ac scolaires &#8211; \u00e9tudiants (sauf universit\u00e9 permanente) &#8211; demandeurs d&#8217;emploi &#8211; sur justificatif \u00e0 l&rsquo;accueil<\/p>\n","protected":false},"excerpt":{"rendered":"<p>PLEIN TARIF : 14\u20ac TARIF R\u00c9DUIT : 9\u20ac scolaires &#8211; \u00e9tudiants (sauf&#8230; <br \/><a class=\"readmore\" href=\"http:\/\/www.letheatrerit.fr\/?page_id=39\">Lire la suite<\/a><\/p>\n","protected":false},"author":1,"featured_media":0,"parent":0,"menu_order":0,"comment_status":"closed","ping_status":"closed","template":"","meta":{"footnotes":""},"_links":{"self":[{"href":"http:\/\/www.letheatrerit.fr\/index.php?rest_route=\/wp\/v2\/pages\/39"}],"collection":[{"href":"http:\/\/www.letheatrerit.fr\/index.php?rest_route=\/wp\/v2\/pages"}],"about":[{"href":"http:\/\/www.letheatrerit.fr\/index.php?rest_route=\/wp\/v2\/types\/page"}],"author":[{"embeddable":true,"href":"http:\/\/www.letheatrerit.fr\/index.php?rest_route=\/wp\/v2\/users\/1"}],"replies":[{"embeddable":true,"href":"http:\/\/www.letheatrerit.fr\/index.php?rest_route=%2Fwp%2Fv2%2Fcomments&post=39"}],"version-history":[{"count":5,"href":"http:\/\/www.letheatrerit.fr\/index.php?rest_route=\/wp\/v2\/pages\/39\/revisions"}],"predecessor-version":[{"id":283,"href":"http:\/\/www.letheatrerit.fr\/index.php?rest_route=\/wp\/v2\/pages\/39\/revisions\/283"}],"wp:attachment":[{"href":"http:\/\/www.letheatrerit.fr\/index.php?rest_route=%2Fwp%2Fv2%2Fmedia&parent=39"}],"curies":[{"name":"wp","href":"https:\/\/api.w.org\/{rel}","templated":true}]}}