{"id":19,"date":"2019-01-28T13:38:58","date_gmt":"2019-01-28T12:38:58","guid":{"rendered":"http:\/\/127.0.0.1:801\/projets\/WORDPRESS\/theatrerit\/?page_id=19"},"modified":"2019-02-15T09:41:56","modified_gmt":"2019-02-15T08:41:56","slug":"qui-sommes-nous","status":"publish","type":"page","link":"http:\/\/www.letheatrerit.fr\/?page_id=19","title":{"rendered":"Qui sommes-nous ?"},"content":{"rendered":"<div id=\"lipsum\">\n<h2>Tout commence en 1985<\/h2>\n<h3>Un groupe d&rsquo;amis d\u00e9cide de cr\u00e9er une troupe de Th\u00e9\u00e2tre et de monter une pi\u00e8ce par an dont les b\u00e9n\u00e9fices sont revers\u00e9s \u00e0 des associations caritatives ! Le Th\u00e9\u00e2tre solidaire est n\u00e9 !<\/h3>\n<p>&nbsp;<\/p>\n<h2>Le Th\u00e9\u00e2trerit c&rsquo;est :<\/h2>\n<ul>\n<li>Une passion commune: : le Th\u00e9\u00e2tre<\/li>\n<li>L&rsquo;exigence de monter des spectacles de qualit\u00e9 et r\u00e9pondant aux d\u00e9sirs de notre public<\/li>\n<li>Une \u00e9quipe de 30 personnes chaque ann\u00e9e qui participe au montage de la pi\u00e8ce<\/li>\n<li>Une notori\u00e9t\u00e9 et un public fid\u00e8le, d\u00e9j\u00e0 plus de 49 000 spectateurs<\/li>\n<li>Une ambiance. Amiti\u00e9 dans la Troupe, fid\u00e9lit\u00e9 des spectateurs<\/li>\n<li>Un Th\u00e9\u00e2tre solidaire, plus de 100 000 euros de dons distribu\u00e9s \u00e0 des associations caritatives<\/li>\n<\/ul>\n<h3>Avec un but : vous distraire tout en continuant\u00a0 \u00e0 aider des associations caritatives de la r\u00e9gion qui font appel \u00e0 nous.<\/h3>\n<\/div>\n","protected":false},"excerpt":{"rendered":"<p>Tout commence en 1985 Un groupe d&rsquo;amis d\u00e9cide de cr\u00e9er une troupe&#8230; <br \/><a class=\"readmore\" href=\"http:\/\/www.letheatrerit.fr\/?page_id=19\">Lire la suite<\/a><\/p>\n","protected":false},"author":1,"featured_media":61,"parent":0,"menu_order":0,"comment_status":"closed","ping_status":"closed","template":"","meta":{"footnotes":""},"_links":{"self":[{"href":"http:\/\/www.letheatrerit.fr\/index.php?rest_route=\/wp\/v2\/pages\/19"}],"collection":[{"href":"http:\/\/www.letheatrerit.fr\/index.php?rest_route=\/wp\/v2\/pages"}],"about":[{"href":"http:\/\/www.letheatrerit.fr\/index.php?rest_route=\/wp\/v2\/types\/page"}],"author":[{"embeddable":true,"href":"http:\/\/www.letheatrerit.fr\/index.php?rest_route=\/wp\/v2\/users\/1"}],"replies":[{"embeddable":true,"href":"http:\/\/www.letheatrerit.fr\/index.php?rest_route=%2Fwp%2Fv2%2Fcomments&post=19"}],"version-history":[{"count":7,"href":"http:\/\/www.letheatrerit.fr\/index.php?rest_route=\/wp\/v2\/pages\/19\/revisions"}],"predecessor-version":[{"id":166,"href":"http:\/\/www.letheatrerit.fr\/index.php?rest_route=\/wp\/v2\/pages\/19\/revisions\/166"}],"wp:featuredmedia":[{"embeddable":true,"href":"http:\/\/www.letheatrerit.fr\/index.php?rest_route=\/wp\/v2\/media\/61"}],"wp:attachment":[{"href":"http:\/\/www.letheatrerit.fr\/index.php?rest_route=%2Fwp%2Fv2%2Fmedia&parent=19"}],"curies":[{"name":"wp","href":"https:\/\/api.w.org\/{rel}","templated":true}]}}